{"id":3644,"date":"2014-08-14T17:20:27","date_gmt":"2014-08-14T15:20:27","guid":{"rendered":"http:\/\/thoman.de\/technikum\/biegeabteilung\/"},"modified":"2014-09-25T15:16:00","modified_gmt":"2014-09-25T13:16:00","slug":"departement-de-cintrage","status":"publish","type":"page","link":"https:\/\/www.thoman.de\/fr\/centre-technique\/departement-de-cintrage\/","title":{"rendered":"D\u00e9partement de cintrage"},"content":{"rendered":"<h1>Nous sommes l\u00e0 pour vous<\/h1>\n<h2>&nbsp;<\/h2>\n<table>\n<tbody>\n<tr>\n<td>\n<p style=\"color: #606060;\">Vous avez besoin d&rsquo;aide pour la fabrication des pi\u00e8ces ?<\/p>\n<p style=\"color: #606060;\">Nous sommes l\u00e0 pour vous. Dans notre d\u00e9partement de cintrage, nos machines montrent leur productivit\u00e9 dans leur utilisation quotidienne.<\/p>\n<p style=\"color: #606060;\">Nous pouvons ex\u00e9cuter des commandes \u00e0 fa\u00e7on ou des fabrications d&rsquo;\u00e9chantillons rapidement et avec une grande fiabilit\u00e9.<\/p>\n<\/td>\n<td>\n<p style=\"color: #606060;\">Les exp\u00e9riences collect\u00e9es ici sont directement exploit\u00e9es pour le d\u00e9veloppement de nos machines de cintrage et garantissent l&rsquo;aptitude \u00e0 l&rsquo;usage quotidien et la fiabilit\u00e9 d&rsquo;exception qui caract\u00e9risent les machines de cintrage de Thoman.<\/p>\n<\/td>\n<\/tr>\n<\/tbody>\n<\/table>\n","protected":false},"excerpt":{"rendered":"<p>Nous sommes l\u00e0 pour vous &nbsp; Vous avez besoin d&rsquo;aide pour la fabrication des pi\u00e8ces ? Nous sommes l\u00e0 pour vous. Dans notre d\u00e9partement de cintrage, nos machines montrent leur productivit\u00e9 dans leur utilisation quotidienne. Nous pouvons ex\u00e9cuter des commandes \u00e0 fa\u00e7on ou des fabrications d&rsquo;\u00e9chantillons rapidement et avec une grande fiabilit\u00e9. Les exp\u00e9riences collect\u00e9es [&hellip;]<\/p>\n","protected":false},"author":11,"featured_media":0,"parent":3488,"menu_order":0,"comment_status":"open","ping_status":"open","template":"","meta":{"footnotes":""},"acf":[],"yoast_head":"<!-- This site is optimized with the Yoast SEO plugin v21.3 - https:\/\/yoast.com\/wordpress\/plugins\/seo\/ -->\n<title>D\u00e9partement de cintrage - Thoman Biegemaschinen<\/title>\n<meta name=\"robots\" content=\"index, follow, max-snippet:-1, max-image-preview:large, max-video-preview:-1\" \/>\n<link rel=\"canonical\" href=\"https:\/\/www.thoman.de\/fr\/centre-technique\/departement-de-cintrage\/\" \/>\n<meta property=\"og:locale\" content=\"fr_FR\" \/>\n<meta property=\"og:type\" content=\"article\" \/>\n<meta property=\"og:title\" content=\"D\u00e9partement de cintrage - Thoman Biegemaschinen\" \/>\n<meta property=\"og:description\" content=\"Nous sommes l\u00e0 pour vous &nbsp; Vous avez besoin d&rsquo;aide pour la fabrication des pi\u00e8ces ? Nous sommes l\u00e0 pour vous. Dans notre d\u00e9partement de cintrage, nos machines montrent leur productivit\u00e9 dans leur utilisation quotidienne. Nous pouvons ex\u00e9cuter des commandes \u00e0 fa\u00e7on ou des fabrications d&rsquo;\u00e9chantillons rapidement et avec une grande fiabilit\u00e9. Les exp\u00e9riences collect\u00e9es [&hellip;]\" \/>\n<meta property=\"og:url\" content=\"https:\/\/www.thoman.de\/fr\/centre-technique\/departement-de-cintrage\/\" \/>\n<meta property=\"og:site_name\" content=\"Thoman Biegemaschinen\" \/>\n<meta property=\"article:modified_time\" content=\"2014-09-25T13:16:00+00:00\" \/>\n<script type=\"application\/ld+json\" class=\"yoast-schema-graph\">{\"@context\":\"https:\/\/schema.org\",\"@graph\":[{\"@type\":\"WebPage\",\"@id\":\"https:\/\/www.thoman.de\/fr\/centre-technique\/departement-de-cintrage\/\",\"url\":\"https:\/\/www.thoman.de\/fr\/centre-technique\/departement-de-cintrage\/\",\"name\":\"D\u00e9partement de cintrage - Thoman Biegemaschinen\",\"isPartOf\":{\"@id\":\"https:\/\/www.thoman.de\/#website\"},\"datePublished\":\"2014-08-14T15:20:27+00:00\",\"dateModified\":\"2014-09-25T13:16:00+00:00\",\"breadcrumb\":{\"@id\":\"https:\/\/www.thoman.de\/fr\/centre-technique\/departement-de-cintrage\/#breadcrumb\"},\"inLanguage\":\"fr-FR\",\"potentialAction\":[{\"@type\":\"ReadAction\",\"target\":[\"https:\/\/www.thoman.de\/fr\/centre-technique\/departement-de-cintrage\/\"]}]},{\"@type\":\"BreadcrumbList\",\"@id\":\"https:\/\/www.thoman.de\/fr\/centre-technique\/departement-de-cintrage\/#breadcrumb\",\"itemListElement\":[{\"@type\":\"ListItem\",\"position\":1,\"name\":\"Home\",\"item\":\"https:\/\/www.thoman.de\/fr\/\"},{\"@type\":\"ListItem\",\"position\":2,\"name\":\"Centre technique\",\"item\":\"https:\/\/www.thoman.de\/fr\/centre-technique\/\"},{\"@type\":\"ListItem\",\"position\":3,\"name\":\"D\u00e9partement de cintrage\"}]},{\"@type\":\"WebSite\",\"@id\":\"https:\/\/www.thoman.de\/#website\",\"url\":\"https:\/\/www.thoman.de\/\",\"name\":\"Thoman Biegemaschinen\",\"description\":\"Eine weitere WordPress-Seite\",\"potentialAction\":[{\"@type\":\"SearchAction\",\"target\":{\"@type\":\"EntryPoint\",\"urlTemplate\":\"https:\/\/www.thoman.de\/?s={search_term_string}\"},\"query-input\":\"required name=search_term_string\"}],\"inLanguage\":\"fr-FR\"}]}<\/script>\n<!-- \/ Yoast SEO plugin. -->","yoast_head_json":{"title":"D\u00e9partement de cintrage - Thoman Biegemaschinen","robots":{"index":"index","follow":"follow","max-snippet":"max-snippet:-1","max-image-preview":"max-image-preview:large","max-video-preview":"max-video-preview:-1"},"canonical":"https:\/\/www.thoman.de\/fr\/centre-technique\/departement-de-cintrage\/","og_locale":"fr_FR","og_type":"article","og_title":"D\u00e9partement de cintrage - Thoman Biegemaschinen","og_description":"Nous sommes l\u00e0 pour vous &nbsp; Vous avez besoin d&rsquo;aide pour la fabrication des pi\u00e8ces ? Nous sommes l\u00e0 pour vous. Dans notre d\u00e9partement de cintrage, nos machines montrent leur productivit\u00e9 dans leur utilisation quotidienne. Nous pouvons ex\u00e9cuter des commandes \u00e0 fa\u00e7on ou des fabrications d&rsquo;\u00e9chantillons rapidement et avec une grande fiabilit\u00e9. Les exp\u00e9riences collect\u00e9es [&hellip;]","og_url":"https:\/\/www.thoman.de\/fr\/centre-technique\/departement-de-cintrage\/","og_site_name":"Thoman Biegemaschinen","article_modified_time":"2014-09-25T13:16:00+00:00","schema":{"@context":"https:\/\/schema.org","@graph":[{"@type":"WebPage","@id":"https:\/\/www.thoman.de\/fr\/centre-technique\/departement-de-cintrage\/","url":"https:\/\/www.thoman.de\/fr\/centre-technique\/departement-de-cintrage\/","name":"D\u00e9partement de cintrage - Thoman Biegemaschinen","isPartOf":{"@id":"https:\/\/www.thoman.de\/#website"},"datePublished":"2014-08-14T15:20:27+00:00","dateModified":"2014-09-25T13:16:00+00:00","breadcrumb":{"@id":"https:\/\/www.thoman.de\/fr\/centre-technique\/departement-de-cintrage\/#breadcrumb"},"inLanguage":"fr-FR","potentialAction":[{"@type":"ReadAction","target":["https:\/\/www.thoman.de\/fr\/centre-technique\/departement-de-cintrage\/"]}]},{"@type":"BreadcrumbList","@id":"https:\/\/www.thoman.de\/fr\/centre-technique\/departement-de-cintrage\/#breadcrumb","itemListElement":[{"@type":"ListItem","position":1,"name":"Home","item":"https:\/\/www.thoman.de\/fr\/"},{"@type":"ListItem","position":2,"name":"Centre technique","item":"https:\/\/www.thoman.de\/fr\/centre-technique\/"},{"@type":"ListItem","position":3,"name":"D\u00e9partement de cintrage"}]},{"@type":"WebSite","@id":"https:\/\/www.thoman.de\/#website","url":"https:\/\/www.thoman.de\/","name":"Thoman Biegemaschinen","description":"Eine weitere WordPress-Seite","potentialAction":[{"@type":"SearchAction","target":{"@type":"EntryPoint","urlTemplate":"https:\/\/www.thoman.de\/?s={search_term_string}"},"query-input":"required name=search_term_string"}],"inLanguage":"fr-FR"}]}},"_links":{"self":[{"href":"https:\/\/www.thoman.de\/fr\/wp-json\/wp\/v2\/pages\/3644"}],"collection":[{"href":"https:\/\/www.thoman.de\/fr\/wp-json\/wp\/v2\/pages"}],"about":[{"href":"https:\/\/www.thoman.de\/fr\/wp-json\/wp\/v2\/types\/page"}],"author":[{"embeddable":true,"href":"https:\/\/www.thoman.de\/fr\/wp-json\/wp\/v2\/users\/11"}],"replies":[{"embeddable":true,"href":"https:\/\/www.thoman.de\/fr\/wp-json\/wp\/v2\/comments?post=3644"}],"version-history":[{"count":3,"href":"https:\/\/www.thoman.de\/fr\/wp-json\/wp\/v2\/pages\/3644\/revisions"}],"predecessor-version":[{"id":5089,"href":"https:\/\/www.thoman.de\/fr\/wp-json\/wp\/v2\/pages\/3644\/revisions\/5089"}],"up":[{"embeddable":true,"href":"https:\/\/www.thoman.de\/fr\/wp-json\/wp\/v2\/pages\/3488"}],"wp:attachment":[{"href":"https:\/\/www.thoman.de\/fr\/wp-json\/wp\/v2\/media?parent=3644"}],"curies":[{"name":"wp","href":"https:\/\/api.w.org\/{rel}","templated":true}]}}