{"id":3646,"date":"2014-08-14T17:20:01","date_gmt":"2014-08-14T15:20:01","guid":{"rendered":"http:\/\/thoman.de\/technikum\/schulung\/"},"modified":"2014-09-25T15:13:22","modified_gmt":"2014-09-25T13:13:22","slug":"formation","status":"publish","type":"page","link":"https:\/\/www.thoman.de\/fr\/centre-technique\/formation\/","title":{"rendered":"Formation"},"content":{"rendered":"<h1>R\u00e9ception de la machine et formation<\/h1>\n<h2>&nbsp;<\/h2>\n<table>\n<tbody>\n<tr>\n<td>\n<p style=\"color: #606060;\">Lors du d\u00e9veloppement et de la conception de nos machines et de notre commande, nous accordons une immense valeur \u00e0 une utilisation simple et intuitive des installations de cintrage. Toutefois, une formation professionnelle est le b.\u00e0.-ba de votre succ\u00e8s.<\/p>\n<p style=\"color: #606060;\">Dans nos salles de formation et de pr\u00e9sentation, nous vous formons et entra\u00eenons dans le cadre de la r\u00e9ception de la machine et d&rsquo;ateliers enrichis. La formation est orient\u00e9e sur la pratique et effectu\u00e9e directement sur votre machine.<\/p>\n<\/td>\n<td>\n<p style=\"color: #606060;\">Nous effectuons \u00e9galement volontiers la formations avec vos profil\u00e9s et tubes. Des programmes de machines sp\u00e9ciaux pour vos produits sp\u00e9cifiques aux clients peuvent \u00eatre cr\u00e9\u00e9s et test\u00e9s d\u00e8s la formation.<\/p>\n<p style=\"color: #606060;\">Cela garantit une mise en service rapide et simple de l&rsquo;installation de cintrage dans votre entreprise.<\/p>\n<\/td>\n<\/tr>\n<\/tbody>\n<\/table>\n","protected":false},"excerpt":{"rendered":"<p>R\u00e9ception de la machine et formation &nbsp; Lors du d\u00e9veloppement et de la conception de nos machines et de notre commande, nous accordons une immense valeur \u00e0 une utilisation simple et intuitive des installations de cintrage. Toutefois, une formation professionnelle est le b.\u00e0.-ba de votre succ\u00e8s. Dans nos salles de formation et de pr\u00e9sentation, nous [&hellip;]<\/p>\n","protected":false},"author":11,"featured_media":0,"parent":3488,"menu_order":0,"comment_status":"open","ping_status":"open","template":"","meta":{"footnotes":""},"acf":[],"yoast_head":"<!-- This site is optimized with the Yoast SEO plugin v21.3 - https:\/\/yoast.com\/wordpress\/plugins\/seo\/ -->\n<title>Formation - Thoman Biegemaschinen<\/title>\n<meta name=\"robots\" content=\"index, follow, max-snippet:-1, max-image-preview:large, max-video-preview:-1\" \/>\n<link rel=\"canonical\" href=\"https:\/\/www.thoman.de\/fr\/centre-technique\/formation\/\" \/>\n<meta property=\"og:locale\" content=\"fr_FR\" \/>\n<meta property=\"og:type\" content=\"article\" \/>\n<meta property=\"og:title\" content=\"Formation - Thoman Biegemaschinen\" \/>\n<meta property=\"og:description\" content=\"R\u00e9ception de la machine et formation &nbsp; Lors du d\u00e9veloppement et de la conception de nos machines et de notre commande, nous accordons une immense valeur \u00e0 une utilisation simple et intuitive des installations de cintrage. Toutefois, une formation professionnelle est le b.\u00e0.-ba de votre succ\u00e8s. Dans nos salles de formation et de pr\u00e9sentation, nous [&hellip;]\" \/>\n<meta property=\"og:url\" content=\"https:\/\/www.thoman.de\/fr\/centre-technique\/formation\/\" \/>\n<meta property=\"og:site_name\" content=\"Thoman Biegemaschinen\" \/>\n<meta property=\"article:modified_time\" content=\"2014-09-25T13:13:22+00:00\" \/>\n<meta name=\"twitter:label1\" content=\"Dur\u00e9e de lecture estim\u00e9e\" \/>\n\t<meta name=\"twitter:data1\" content=\"1 minute\" \/>\n<script type=\"application\/ld+json\" class=\"yoast-schema-graph\">{\"@context\":\"https:\/\/schema.org\",\"@graph\":[{\"@type\":\"WebPage\",\"@id\":\"https:\/\/www.thoman.de\/fr\/centre-technique\/formation\/\",\"url\":\"https:\/\/www.thoman.de\/fr\/centre-technique\/formation\/\",\"name\":\"Formation - Thoman Biegemaschinen\",\"isPartOf\":{\"@id\":\"https:\/\/www.thoman.de\/#website\"},\"datePublished\":\"2014-08-14T15:20:01+00:00\",\"dateModified\":\"2014-09-25T13:13:22+00:00\",\"breadcrumb\":{\"@id\":\"https:\/\/www.thoman.de\/fr\/centre-technique\/formation\/#breadcrumb\"},\"inLanguage\":\"fr-FR\",\"potentialAction\":[{\"@type\":\"ReadAction\",\"target\":[\"https:\/\/www.thoman.de\/fr\/centre-technique\/formation\/\"]}]},{\"@type\":\"BreadcrumbList\",\"@id\":\"https:\/\/www.thoman.de\/fr\/centre-technique\/formation\/#breadcrumb\",\"itemListElement\":[{\"@type\":\"ListItem\",\"position\":1,\"name\":\"Home\",\"item\":\"https:\/\/www.thoman.de\/fr\/\"},{\"@type\":\"ListItem\",\"position\":2,\"name\":\"Centre technique\",\"item\":\"https:\/\/www.thoman.de\/fr\/centre-technique\/\"},{\"@type\":\"ListItem\",\"position\":3,\"name\":\"Formation\"}]},{\"@type\":\"WebSite\",\"@id\":\"https:\/\/www.thoman.de\/#website\",\"url\":\"https:\/\/www.thoman.de\/\",\"name\":\"Thoman Biegemaschinen\",\"description\":\"Eine weitere WordPress-Seite\",\"potentialAction\":[{\"@type\":\"SearchAction\",\"target\":{\"@type\":\"EntryPoint\",\"urlTemplate\":\"https:\/\/www.thoman.de\/?s={search_term_string}\"},\"query-input\":\"required name=search_term_string\"}],\"inLanguage\":\"fr-FR\"}]}<\/script>\n<!-- \/ Yoast SEO plugin. -->","yoast_head_json":{"title":"Formation - Thoman Biegemaschinen","robots":{"index":"index","follow":"follow","max-snippet":"max-snippet:-1","max-image-preview":"max-image-preview:large","max-video-preview":"max-video-preview:-1"},"canonical":"https:\/\/www.thoman.de\/fr\/centre-technique\/formation\/","og_locale":"fr_FR","og_type":"article","og_title":"Formation - Thoman Biegemaschinen","og_description":"R\u00e9ception de la machine et formation &nbsp; Lors du d\u00e9veloppement et de la conception de nos machines et de notre commande, nous accordons une immense valeur \u00e0 une utilisation simple et intuitive des installations de cintrage. Toutefois, une formation professionnelle est le b.\u00e0.-ba de votre succ\u00e8s. Dans nos salles de formation et de pr\u00e9sentation, nous [&hellip;]","og_url":"https:\/\/www.thoman.de\/fr\/centre-technique\/formation\/","og_site_name":"Thoman Biegemaschinen","article_modified_time":"2014-09-25T13:13:22+00:00","twitter_misc":{"Dur\u00e9e de lecture estim\u00e9e":"1 minute"},"schema":{"@context":"https:\/\/schema.org","@graph":[{"@type":"WebPage","@id":"https:\/\/www.thoman.de\/fr\/centre-technique\/formation\/","url":"https:\/\/www.thoman.de\/fr\/centre-technique\/formation\/","name":"Formation - Thoman Biegemaschinen","isPartOf":{"@id":"https:\/\/www.thoman.de\/#website"},"datePublished":"2014-08-14T15:20:01+00:00","dateModified":"2014-09-25T13:13:22+00:00","breadcrumb":{"@id":"https:\/\/www.thoman.de\/fr\/centre-technique\/formation\/#breadcrumb"},"inLanguage":"fr-FR","potentialAction":[{"@type":"ReadAction","target":["https:\/\/www.thoman.de\/fr\/centre-technique\/formation\/"]}]},{"@type":"BreadcrumbList","@id":"https:\/\/www.thoman.de\/fr\/centre-technique\/formation\/#breadcrumb","itemListElement":[{"@type":"ListItem","position":1,"name":"Home","item":"https:\/\/www.thoman.de\/fr\/"},{"@type":"ListItem","position":2,"name":"Centre technique","item":"https:\/\/www.thoman.de\/fr\/centre-technique\/"},{"@type":"ListItem","position":3,"name":"Formation"}]},{"@type":"WebSite","@id":"https:\/\/www.thoman.de\/#website","url":"https:\/\/www.thoman.de\/","name":"Thoman Biegemaschinen","description":"Eine weitere WordPress-Seite","potentialAction":[{"@type":"SearchAction","target":{"@type":"EntryPoint","urlTemplate":"https:\/\/www.thoman.de\/?s={search_term_string}"},"query-input":"required name=search_term_string"}],"inLanguage":"fr-FR"}]}},"_links":{"self":[{"href":"https:\/\/www.thoman.de\/fr\/wp-json\/wp\/v2\/pages\/3646"}],"collection":[{"href":"https:\/\/www.thoman.de\/fr\/wp-json\/wp\/v2\/pages"}],"about":[{"href":"https:\/\/www.thoman.de\/fr\/wp-json\/wp\/v2\/types\/page"}],"author":[{"embeddable":true,"href":"https:\/\/www.thoman.de\/fr\/wp-json\/wp\/v2\/users\/11"}],"replies":[{"embeddable":true,"href":"https:\/\/www.thoman.de\/fr\/wp-json\/wp\/v2\/comments?post=3646"}],"version-history":[{"count":3,"href":"https:\/\/www.thoman.de\/fr\/wp-json\/wp\/v2\/pages\/3646\/revisions"}],"predecessor-version":[{"id":4609,"href":"https:\/\/www.thoman.de\/fr\/wp-json\/wp\/v2\/pages\/3646\/revisions\/4609"}],"up":[{"embeddable":true,"href":"https:\/\/www.thoman.de\/fr\/wp-json\/wp\/v2\/pages\/3488"}],"wp:attachment":[{"href":"https:\/\/www.thoman.de\/fr\/wp-json\/wp\/v2\/media?parent=3646"}],"curies":[{"name":"wp","href":"https:\/\/api.w.org\/{rel}","templated":true}]}}