{"id":3648,"date":"2014-08-14T17:19:36","date_gmt":"2014-08-14T15:19:36","guid":{"rendered":"http:\/\/thoman.de\/technikum\/vorfuhrung\/"},"modified":"2014-09-25T15:15:24","modified_gmt":"2014-09-25T13:15:24","slug":"presentation","status":"publish","type":"page","link":"https:\/\/www.thoman.de\/fr\/centre-technique\/presentation\/","title":{"rendered":"Pr\u00e9sentation"},"content":{"rendered":"<h1>Rendez-nous visite<\/h1>\n<h2>&nbsp;<\/h2>\n<table>\n<tbody>\n<tr>\n<td>\n<p style=\"color: #606060;\">Convainquez-vous m\u00eame de la qualit\u00e9 et de la performance des machines de cintrage des tubes et profil\u00e9s de Thoman. Faites notre connaissance ainsi que celle de notre entreprise. Dans nos salles de pr\u00e9sentation et de formation, nous vous exposons les derni\u00e8res installations de cintrage et les commandes des machines. Nous vous expliquons les fonctions des machines, les domaines d&rsquo;utilisation et les limites des diff\u00e9rents processus de cintrage.<\/p>\n<\/td>\n<td>\n<p style=\"color: #606060;\">\u00c0 l&rsquo;aide de nombreux exemples et d&rsquo;\u00e9chantillons de cintrage, vous obtenez un aper\u00e7u plus d\u00e9taill\u00e9 du monde du cintrage. Nous prenons volontiers notre temps pour r\u00e9pondre \u00e0 vos questions.<\/p>\n<p>&nbsp;<\/p>\n<p style=\"color: #606060;\">Nous vous invitons volontiers dans notre usine.<\/p>\n<p style=\"color: #606060;\">Convainquez-vous par vous-m\u00eame !<\/p>\n<\/td>\n<\/tr>\n<\/tbody>\n<\/table>\n","protected":false},"excerpt":{"rendered":"<p>Rendez-nous visite &nbsp; Convainquez-vous m\u00eame de la qualit\u00e9 et de la performance des machines de cintrage des tubes et profil\u00e9s de Thoman. Faites notre connaissance ainsi que celle de notre entreprise. Dans nos salles de pr\u00e9sentation et de formation, nous vous exposons les derni\u00e8res installations de cintrage et les commandes des machines. Nous vous expliquons [&hellip;]<\/p>\n","protected":false},"author":11,"featured_media":0,"parent":3488,"menu_order":0,"comment_status":"open","ping_status":"open","template":"","meta":{"footnotes":""},"acf":[],"yoast_head":"<!-- This site is optimized with the Yoast SEO plugin v21.3 - https:\/\/yoast.com\/wordpress\/plugins\/seo\/ -->\n<title>Pr\u00e9sentation - Thoman Biegemaschinen<\/title>\n<meta name=\"robots\" content=\"index, follow, max-snippet:-1, max-image-preview:large, max-video-preview:-1\" \/>\n<link rel=\"canonical\" href=\"https:\/\/www.thoman.de\/fr\/centre-technique\/presentation\/\" \/>\n<meta property=\"og:locale\" content=\"fr_FR\" \/>\n<meta property=\"og:type\" content=\"article\" \/>\n<meta property=\"og:title\" content=\"Pr\u00e9sentation - Thoman Biegemaschinen\" \/>\n<meta property=\"og:description\" content=\"Rendez-nous visite &nbsp; Convainquez-vous m\u00eame de la qualit\u00e9 et de la performance des machines de cintrage des tubes et profil\u00e9s de Thoman. Faites notre connaissance ainsi que celle de notre entreprise. Dans nos salles de pr\u00e9sentation et de formation, nous vous exposons les derni\u00e8res installations de cintrage et les commandes des machines. Nous vous expliquons [&hellip;]\" \/>\n<meta property=\"og:url\" content=\"https:\/\/www.thoman.de\/fr\/centre-technique\/presentation\/\" \/>\n<meta property=\"og:site_name\" content=\"Thoman Biegemaschinen\" \/>\n<meta property=\"article:modified_time\" content=\"2014-09-25T13:15:24+00:00\" \/>\n<meta name=\"twitter:label1\" content=\"Dur\u00e9e de lecture estim\u00e9e\" \/>\n\t<meta name=\"twitter:data1\" content=\"1 minute\" \/>\n<script type=\"application\/ld+json\" class=\"yoast-schema-graph\">{\"@context\":\"https:\/\/schema.org\",\"@graph\":[{\"@type\":\"WebPage\",\"@id\":\"https:\/\/www.thoman.de\/fr\/centre-technique\/presentation\/\",\"url\":\"https:\/\/www.thoman.de\/fr\/centre-technique\/presentation\/\",\"name\":\"Pr\u00e9sentation - Thoman Biegemaschinen\",\"isPartOf\":{\"@id\":\"https:\/\/www.thoman.de\/#website\"},\"datePublished\":\"2014-08-14T15:19:36+00:00\",\"dateModified\":\"2014-09-25T13:15:24+00:00\",\"breadcrumb\":{\"@id\":\"https:\/\/www.thoman.de\/fr\/centre-technique\/presentation\/#breadcrumb\"},\"inLanguage\":\"fr-FR\",\"potentialAction\":[{\"@type\":\"ReadAction\",\"target\":[\"https:\/\/www.thoman.de\/fr\/centre-technique\/presentation\/\"]}]},{\"@type\":\"BreadcrumbList\",\"@id\":\"https:\/\/www.thoman.de\/fr\/centre-technique\/presentation\/#breadcrumb\",\"itemListElement\":[{\"@type\":\"ListItem\",\"position\":1,\"name\":\"Home\",\"item\":\"https:\/\/www.thoman.de\/fr\/\"},{\"@type\":\"ListItem\",\"position\":2,\"name\":\"Centre technique\",\"item\":\"https:\/\/www.thoman.de\/fr\/centre-technique\/\"},{\"@type\":\"ListItem\",\"position\":3,\"name\":\"Pr\u00e9sentation\"}]},{\"@type\":\"WebSite\",\"@id\":\"https:\/\/www.thoman.de\/#website\",\"url\":\"https:\/\/www.thoman.de\/\",\"name\":\"Thoman Biegemaschinen\",\"description\":\"Eine weitere WordPress-Seite\",\"potentialAction\":[{\"@type\":\"SearchAction\",\"target\":{\"@type\":\"EntryPoint\",\"urlTemplate\":\"https:\/\/www.thoman.de\/?s={search_term_string}\"},\"query-input\":\"required name=search_term_string\"}],\"inLanguage\":\"fr-FR\"}]}<\/script>\n<!-- \/ Yoast SEO plugin. -->","yoast_head_json":{"title":"Pr\u00e9sentation - Thoman Biegemaschinen","robots":{"index":"index","follow":"follow","max-snippet":"max-snippet:-1","max-image-preview":"max-image-preview:large","max-video-preview":"max-video-preview:-1"},"canonical":"https:\/\/www.thoman.de\/fr\/centre-technique\/presentation\/","og_locale":"fr_FR","og_type":"article","og_title":"Pr\u00e9sentation - Thoman Biegemaschinen","og_description":"Rendez-nous visite &nbsp; Convainquez-vous m\u00eame de la qualit\u00e9 et de la performance des machines de cintrage des tubes et profil\u00e9s de Thoman. Faites notre connaissance ainsi que celle de notre entreprise. Dans nos salles de pr\u00e9sentation et de formation, nous vous exposons les derni\u00e8res installations de cintrage et les commandes des machines. Nous vous expliquons [&hellip;]","og_url":"https:\/\/www.thoman.de\/fr\/centre-technique\/presentation\/","og_site_name":"Thoman Biegemaschinen","article_modified_time":"2014-09-25T13:15:24+00:00","twitter_misc":{"Dur\u00e9e de lecture estim\u00e9e":"1 minute"},"schema":{"@context":"https:\/\/schema.org","@graph":[{"@type":"WebPage","@id":"https:\/\/www.thoman.de\/fr\/centre-technique\/presentation\/","url":"https:\/\/www.thoman.de\/fr\/centre-technique\/presentation\/","name":"Pr\u00e9sentation - Thoman Biegemaschinen","isPartOf":{"@id":"https:\/\/www.thoman.de\/#website"},"datePublished":"2014-08-14T15:19:36+00:00","dateModified":"2014-09-25T13:15:24+00:00","breadcrumb":{"@id":"https:\/\/www.thoman.de\/fr\/centre-technique\/presentation\/#breadcrumb"},"inLanguage":"fr-FR","potentialAction":[{"@type":"ReadAction","target":["https:\/\/www.thoman.de\/fr\/centre-technique\/presentation\/"]}]},{"@type":"BreadcrumbList","@id":"https:\/\/www.thoman.de\/fr\/centre-technique\/presentation\/#breadcrumb","itemListElement":[{"@type":"ListItem","position":1,"name":"Home","item":"https:\/\/www.thoman.de\/fr\/"},{"@type":"ListItem","position":2,"name":"Centre technique","item":"https:\/\/www.thoman.de\/fr\/centre-technique\/"},{"@type":"ListItem","position":3,"name":"Pr\u00e9sentation"}]},{"@type":"WebSite","@id":"https:\/\/www.thoman.de\/#website","url":"https:\/\/www.thoman.de\/","name":"Thoman Biegemaschinen","description":"Eine weitere WordPress-Seite","potentialAction":[{"@type":"SearchAction","target":{"@type":"EntryPoint","urlTemplate":"https:\/\/www.thoman.de\/?s={search_term_string}"},"query-input":"required name=search_term_string"}],"inLanguage":"fr-FR"}]}},"_links":{"self":[{"href":"https:\/\/www.thoman.de\/fr\/wp-json\/wp\/v2\/pages\/3648"}],"collection":[{"href":"https:\/\/www.thoman.de\/fr\/wp-json\/wp\/v2\/pages"}],"about":[{"href":"https:\/\/www.thoman.de\/fr\/wp-json\/wp\/v2\/types\/page"}],"author":[{"embeddable":true,"href":"https:\/\/www.thoman.de\/fr\/wp-json\/wp\/v2\/users\/11"}],"replies":[{"embeddable":true,"href":"https:\/\/www.thoman.de\/fr\/wp-json\/wp\/v2\/comments?post=3648"}],"version-history":[{"count":3,"href":"https:\/\/www.thoman.de\/fr\/wp-json\/wp\/v2\/pages\/3648\/revisions"}],"predecessor-version":[{"id":5088,"href":"https:\/\/www.thoman.de\/fr\/wp-json\/wp\/v2\/pages\/3648\/revisions\/5088"}],"up":[{"embeddable":true,"href":"https:\/\/www.thoman.de\/fr\/wp-json\/wp\/v2\/pages\/3488"}],"wp:attachment":[{"href":"https:\/\/www.thoman.de\/fr\/wp-json\/wp\/v2\/media?parent=3648"}],"curies":[{"name":"wp","href":"https:\/\/api.w.org\/{rel}","templated":true}]}}